{"id":7810,"date":"2011-12-31T23:34:05","date_gmt":"2011-12-31T22:34:05","guid":{"rendered":"http:\/\/alerta.cz\/?page_id=3361"},"modified":"2011-12-31T23:34:05","modified_gmt":"2011-12-31T22:34:05","slug":"vyrocni-zpravy","status":"publish","type":"page","link":"https:\/\/asal.noblogs.org\/?page_id=7810","title":{"rendered":"V\u00ddRO\u010cN\u00cd ZPR\u00c1VY"},"content":{"rendered":"<p><em><img loading=\"lazy\" decoding=\"async\" class=\"alignleft\" title=\"Alerta_logo-nahled\" src=\"http:\/\/alerta.cz\/wp-content\/uploads\/2011\/12\/Alerta_logo-nahled-150x150.jpg\" alt=\"\" width=\"150\" height=\"150\" \/><\/em><\/p>\n<p><strong><span style=\"color: #ff0000\">&gt;<\/span> Zpr\u00e1va o \u010dinnosti Asociace ALERTA v roce 2011 <em>&gt; <a href=\"http:\/\/alerta.cz\/?p=3334#more-3334\" target=\"_blank\">ZDE<\/a> &lt;<\/em><br \/>\n<\/strong><\/p>\n<p><strong><span style=\"color: #ff0000\">&gt;<\/span> Zpr\u00e1va o <\/strong><strong>\u010dinnosti Asociace ALERTA v roce 2012 <em>&gt; <a href=\"http:\/\/alerta.cz\/?p=6646\" target=\"_blank\">ZDE<\/a> &lt;<\/em><br \/>\n<\/strong><\/p>\n<h1><a title=\"Trval\u00fd odkaz p\u0159\u00edsp\u011bvku Zpr\u00e1va o \u010dinnosti Asociace ALERTA v roce 2012\" rel=\"bookmark\" href=\"..\/?p=6646\"><br \/>\n<\/a><\/h1>\n","protected":false},"excerpt":{"rendered":"<p>&gt; Zpr\u00e1va o \u010dinnosti Asociace ALERTA v roce 2011 &gt; ZDE &lt; &gt; Zpr\u00e1va o \u010dinnosti Asociace ALERTA v roce 2012 &gt; ZDE &lt;<\/p>\n","protected":false},"author":8517,"featured_media":0,"parent":0,"menu_order":0,"comment_status":"closed","ping_status":"open","template":"","meta":{"footnotes":""},"class_list":["post-7810","page","type-page","status-publish","hentry"],"_links":{"self":[{"href":"https:\/\/asal.noblogs.org\/index.php?rest_route=\/wp\/v2\/pages\/7810","targetHints":{"allow":["GET"]}}],"collection":[{"href":"https:\/\/asal.noblogs.org\/index.php?rest_route=\/wp\/v2\/pages"}],"about":[{"href":"https:\/\/asal.noblogs.org\/index.php?rest_route=\/wp\/v2\/types\/page"}],"author":[{"embeddable":true,"href":"https:\/\/asal.noblogs.org\/index.php?rest_route=\/wp\/v2\/users\/8517"}],"replies":[{"embeddable":true,"href":"https:\/\/asal.noblogs.org\/index.php?rest_route=%2Fwp%2Fv2%2Fcomments&post=7810"}],"version-history":[{"count":0,"href":"https:\/\/asal.noblogs.org\/index.php?rest_route=\/wp\/v2\/pages\/7810\/revisions"}],"wp:attachment":[{"href":"https:\/\/asal.noblogs.org\/index.php?rest_route=%2Fwp%2Fv2%2Fmedia&parent=7810"}],"curies":[{"name":"wp","href":"https:\/\/api.w.org\/{rel}","templated":true}]}}