{"id":7800,"date":"2011-12-02T18:40:47","date_gmt":"2011-12-02T17:40:47","guid":{"rendered":"http:\/\/alerta.cz\/?page_id=2864"},"modified":"2011-12-02T18:40:47","modified_gmt":"2011-12-02T17:40:47","slug":"tiskove-zpravy","status":"publish","type":"page","link":"https:\/\/asal.noblogs.org\/?page_id=7800","title":{"rendered":"TISKOV\u00c9 ZPR\u00c1VY"},"content":{"rendered":"<p><span style=\"color: #ff0000\"><strong><em>Tiskov\u00e1 zpr\u00e1va ze dne 6.9.2012 <\/em><\/strong><\/span><\/p>\n<p><strong>Environment\u00e1ln\u00ed aktivist\u00e9 se v Most\u011b budou bavit i protestovat<\/strong>! \u2192\u00a0<strong> <\/strong><strong> <\/strong>Zpr\u00e1va v pln\u00e9m zn\u011bn\u00ed v <strong>doc &gt; <a href=\"http:\/\/alerta.cz\/wp-content\/uploads\/2011\/12\/TZ_06092012_Environmentalni_aktiviste_se_budou_v_Moste_bavit_i_protestovat.doc\">ZDE<\/a> &lt;\u00a0 + v pdf &gt; <a href=\"http:\/\/alerta.cz\/wp-content\/uploads\/2011\/12\/TZ_06092012_Environmentalni_aktiviste_se_budou_v_Moste_bavit_i_protestovat.pdf\">ZDE<\/a> &lt; <\/strong><\/p>\n<p style=\"text-align: center\"><em><strong><span style=\"color: #ff0000\">\u2193 \u2193 \u2193<\/span><\/strong><\/em><\/p>\n<p><span style=\"color: #ff0000\"><strong><em>Tiskov\u00e1 zpr\u00e1va ze dne 8.2.2012 <\/em><\/strong><\/span><\/p>\n<p><strong> Asociace ALERTA zah\u00e1jila kampa\u0148 za sv\u011bt bez skl\u00e1dek a spaloven \u2192 <\/strong><strong> <\/strong>Zpr\u00e1va v pln\u00e9m zn\u011bn\u00ed v <strong>doc &gt;\u00a0 <a href=\"http:\/\/alerta.cz\/wp-content\/uploads\/2011\/12\/Tiskovka_Cista_alternativa_zahajeni_8.2.2012.doc\">ZDE <\/a> &lt; + v pdf\u00a0 &gt;\u00a0<a href=\"http:\/\/alerta.cz\/wp-content\/uploads\/2011\/12\/Tiskovka_Cista_alternativa_zahajeni_8.2.2012.pdf\"> ZDE <\/a> &lt;<\/strong><\/p>\n<p style=\"text-align: center\"><span style=\"color: #ff0000\"><em><strong>\u2193 \u2193 \u2193<\/strong><\/em><\/span><\/p>\n<p style=\"text-align: left\"><strong><span style=\"color: #ff0000\"><em>Tiskov\u00e1 zpr\u00e1va ze dne 1.12.2011 <\/em><\/span><\/strong><\/p>\n<p style=\"text-align: left\"><strong>V Litv\u00ednov\u011b prob\u011bhnou demonstrace proti dovozu kal\u016f z ostravsk\u00fdch lagun \u2192 <\/strong>Zpr\u00e1va v pln\u00e9m zn\u011bn\u00ed v <strong>odt &gt;\u00a0<a href=\"http:\/\/alerta.cz\/wp-content\/uploads\/2011\/12\/tiskova-zprava_Demonstrace-proti-dovozu-nebezpecneho-odpadu-na-mostecko.odt\"> ZDE<\/a> &lt; + v pdf &gt;\u00a0<a href=\"http:\/\/alerta.cz\/wp-content\/uploads\/2011\/12\/tiskova-zprava_Demonstrace-proti-dovozu-nebezpecneho-odpadu-na-mostecko.pdf\"> ZDE <\/a> &lt; <em><br \/>\n<\/em><\/strong><\/p>\n<p style=\"text-align: center\"><strong><em><span style=\"color: #ff0000\">\u2193 \u2193 \u2193<\/span><\/em><\/strong><\/p>\n<p>&nbsp;<\/p>\n<p style=\"text-align: center\"><strong><em><span style=\"color: #ff0000\"><br \/>\n<\/span><\/em><\/strong><\/p>\n<p>&nbsp;<\/p>\n","protected":false},"excerpt":{"rendered":"<p>Tiskov\u00e1 zpr\u00e1va ze dne 6.9.2012 Environment\u00e1ln\u00ed aktivist\u00e9 se v Most\u011b budou bavit i protestovat! \u2192\u00a0 Zpr\u00e1va v pln\u00e9m zn\u011bn\u00ed v doc &gt; ZDE &lt;\u00a0 + v pdf &gt; ZDE &lt; \u2193 \u2193 \u2193 Tiskov\u00e1 zpr\u00e1va ze dne 8.2.2012 Asociace ALERTA zah\u00e1jila kampa\u0148 za sv\u011bt bez skl\u00e1dek a spaloven \u2192 Zpr\u00e1va v pln\u00e9m zn\u011bn\u00ed v doc [&hellip;]<\/p>\n","protected":false},"author":8517,"featured_media":0,"parent":0,"menu_order":0,"comment_status":"closed","ping_status":"open","template":"","meta":{"footnotes":""},"class_list":["post-7800","page","type-page","status-publish","hentry"],"_links":{"self":[{"href":"https:\/\/asal.noblogs.org\/index.php?rest_route=\/wp\/v2\/pages\/7800","targetHints":{"allow":["GET"]}}],"collection":[{"href":"https:\/\/asal.noblogs.org\/index.php?rest_route=\/wp\/v2\/pages"}],"about":[{"href":"https:\/\/asal.noblogs.org\/index.php?rest_route=\/wp\/v2\/types\/page"}],"author":[{"embeddable":true,"href":"https:\/\/asal.noblogs.org\/index.php?rest_route=\/wp\/v2\/users\/8517"}],"replies":[{"embeddable":true,"href":"https:\/\/asal.noblogs.org\/index.php?rest_route=%2Fwp%2Fv2%2Fcomments&post=7800"}],"version-history":[{"count":0,"href":"https:\/\/asal.noblogs.org\/index.php?rest_route=\/wp\/v2\/pages\/7800\/revisions"}],"wp:attachment":[{"href":"https:\/\/asal.noblogs.org\/index.php?rest_route=%2Fwp%2Fv2%2Fmedia&parent=7800"}],"curies":[{"name":"wp","href":"https:\/\/api.w.org\/{rel}","templated":true}]}}