{"id":618,"date":"2011-05-16T17:42:25","date_gmt":"2011-05-16T16:42:25","guid":{"rendered":"http:\/\/alerta.cz\/?page_id=618"},"modified":"2011-05-16T17:42:25","modified_gmt":"2011-05-16T16:42:25","slug":"kampane","status":"publish","type":"page","link":"https:\/\/asal.noblogs.org\/?page_id=618","title":{"rendered":"KAMPAN\u011a &amp; KAUZY"},"content":{"rendered":"<p style=\"text-align: center\"><strong>ALERTA se nyn\u00ed v\u011bnuje t\u011bmto kampan\u00edm a kauz\u00e1m<span style=\"color: #339966\">\u2193 \u2193 \u2193<\/span><\/strong><\/p>\n<p style=\"text-align: center\"><a href=\"http:\/\/cista-alternativa.cz\/\" target=\"_blank\"><img loading=\"lazy\" decoding=\"async\" class=\"aligncenter size-full wp-image-3731\" title=\"Cista_alternativa_banner\" src=\"http:\/\/alerta.cz\/wp-content\/uploads\/2011\/05\/Cista_alternativa_banner.gif\" alt=\"\" width=\"468\" height=\"60\" \/><\/a><\/p>\n<p style=\"text-align: center\">&nbsp;<\/p>\n<p style=\"text-align: center\"><a href=\"http:\/\/cista-alternativa.cz\/\" target=\"_blank\"><\/a><a href=\"http:\/\/alerta.cz\/?p=978\" target=\"_blank\"><img loading=\"lazy\" decoding=\"async\" class=\"aligncenter size-full wp-image-1094\" title=\"banner_energetika\" src=\"http:\/\/alerta.cz\/wp-content\/uploads\/2011\/05\/banner_energetika6.gif\" alt=\"\" width=\"468\" height=\"60\" \/><\/a><a href=\"http:\/\/alerta.cz\/?cat=35\" target=\"_blank\"><\/a><\/p>\n<p style=\"text-align: center\">&nbsp;<\/p>\n<p style=\"text-align: center\"><a href=\"http:\/\/alerta.cz\/?cat=35\" target=\"_blank\"><img loading=\"lazy\" decoding=\"async\" class=\"aligncenter size-full wp-image-3139\" title=\"G4_banner\" src=\"http:\/\/alerta.cz\/wp-content\/uploads\/2011\/05\/G4_banner1.gif\" alt=\"\" width=\"468\" height=\"80\" \/><\/a><\/p>\n","protected":false},"excerpt":{"rendered":"<p>ALERTA se nyn\u00ed v\u011bnuje t\u011bmto kampan\u00edm a kauz\u00e1m\u2193 \u2193 \u2193 &nbsp; &nbsp;<\/p>\n","protected":false},"author":8517,"featured_media":0,"parent":0,"menu_order":0,"comment_status":"closed","ping_status":"closed","template":"","meta":{"footnotes":""},"class_list":["post-618","page","type-page","status-publish","hentry"],"_links":{"self":[{"href":"https:\/\/asal.noblogs.org\/index.php?rest_route=\/wp\/v2\/pages\/618","targetHints":{"allow":["GET"]}}],"collection":[{"href":"https:\/\/asal.noblogs.org\/index.php?rest_route=\/wp\/v2\/pages"}],"about":[{"href":"https:\/\/asal.noblogs.org\/index.php?rest_route=\/wp\/v2\/types\/page"}],"author":[{"embeddable":true,"href":"https:\/\/asal.noblogs.org\/index.php?rest_route=\/wp\/v2\/users\/8517"}],"replies":[{"embeddable":true,"href":"https:\/\/asal.noblogs.org\/index.php?rest_route=%2Fwp%2Fv2%2Fcomments&post=618"}],"version-history":[{"count":0,"href":"https:\/\/asal.noblogs.org\/index.php?rest_route=\/wp\/v2\/pages\/618\/revisions"}],"wp:attachment":[{"href":"https:\/\/asal.noblogs.org\/index.php?rest_route=%2Fwp%2Fv2%2Fmedia&parent=618"}],"curies":[{"name":"wp","href":"https:\/\/api.w.org\/{rel}","templated":true}]}}