{"id":55,"date":"2011-05-02T22:36:04","date_gmt":"2011-05-02T22:36:04","guid":{"rendered":"http:\/\/alerta2.s.cz\/?page_id=55"},"modified":"2011-05-02T22:36:04","modified_gmt":"2011-05-02T22:36:04","slug":"ke-stazeni","status":"publish","type":"page","link":"https:\/\/asal.noblogs.org\/?page_id=55","title":{"rendered":"STANOVY"},"content":{"rendered":"<p style=\"text-align: justify\">\ufeff<\/p>\n<p style=\"text-align: justify\"><!-- #toc, .toc, .mw-warning { border: 1px solid rgb(170, 170, 170); padding: 5px; background-color: rgb(249, 249, 249); font-size: 95%; }#toc h2, .toc h2 { border: medium none ; padding: 0pt; display: inline; font-size: 100%; font-weight: bold; }#toc #toctitle, .toc #toctitle, #toc .toctitle, .toc .toctitle { text-align: center; }#toc ul, .toc ul { list-style-type: none; list-style-image: none; margin-left: 0pt; padding-left: 0pt; text-align: left; }#toc ul ul, .toc ul ul { margin: 0pt 0pt 0pt 2em; }#toc .toctoggle, .toc .toctoggle { font-size: 94%; }body { font-family: 'Times New Roman'; color: rgb(0, 0, 0); widows: 2; font-style: normal; text-indent: 0in; font-variant: normal; font-weight: normal; font-size: 12pt; text-decoration: none; text-align: left; }table {  }td { border-collapse: collapse; text-align: left; vertical-align: top; }p, h1, h2, h3, li { color: rgb(0, 0, 0); font-family: 'Times New Roman'; font-size: 12pt; text-align: left; } --><\/p>\n<div>\n<p style=\"text-align: center\" dir=\"ltr\"><span style=\"color: #ff0000\"><strong>ORGANIZA\u010cN\u00cd STANOVY ASOCIACE ALERTA PLATN\u00c9 OD 3. \u010cERVNA 2010<\/strong><\/span><\/p>\n<p style=\"text-align: center\" dir=\"ltr\"><strong>I.<\/strong><\/p>\n<p style=\"text-align: justify\" dir=\"ltr\">&#8211; <strong>Asociace ALERTA<\/strong> je nestranick\u00e9, nen\u00e1bo\u017eensk\u00e9, rovnost\u00e1\u0159sk\u00e9 sdru\u017een\u00ed, ve kter\u00e9m se sdru\u017euj\u00ed jedinci za \u00fa\u010delem soci\u00e1ln\u00edho rozvoje zalo\u017een\u00e9ho na samospr\u00e1v\u011b bez vazeb na politiku zastupitelsk\u00e9 demokracie. Snahy <strong>Asociace ALERTA<\/strong> sm\u011b\u0159uj\u00ed k p\u0159ekon\u00e1n\u00ed st\u00e1vaj\u00edc\u00edho politicko-ekonomick\u00e9ho syst\u00e9mu a k vytvo\u0159en\u00ed podm\u00ednek pro rozvoj svobodn\u00e9 spole\u010dnosti bez hierarchie, \u00fatlaku a vyko\u0159is\u0165ov\u00e1n\u00ed.<\/p>\n<p style=\"text-align: justify\" dir=\"ltr\">&#8211; \u010cinnost <strong>Asociace ALERTA<\/strong> m\u016f\u017ee b\u00fdt vykon\u00e1v\u00e1na r\u016fzn\u00fdmi formami, v\u017edy v\u0161ak bez spolupr\u00e1ce se st\u00e1tn\u00edmi slo\u017ekami, autorit\u00e1\u0159sk\u00fdmi sdru\u017een\u00edmi \u010di jedinci, jejich\u017e chov\u00e1n\u00ed se vyzna\u010duje diskrimina\u010dn\u00edm nebo jinak utla\u010duj\u00edc\u00edm charakterem.<\/p>\n<p style=\"text-align: justify\" dir=\"ltr\">&#8211; <strong>Asociace ALERTA<\/strong> preferuje organiza\u010dn\u00ed autonomii a ve\u0161kerou \u010dinnost financuje z dobrovoln\u00fdch p\u0159\u00edsp\u011bvk\u016f \u010dlensk\u00e9 z\u00e1kladny \u010di sympatizantek a sympatizat\u016f.<\/p>\n<p style=\"text-align: justify\" dir=\"ltr\">&#8211; <strong>Asociace ALERTA<\/strong> odm\u00edt\u00e1 vyu\u017e\u00edvat st\u00e1tn\u00ed podpory, dotace fond\u016f Evropsk\u00e9 unie (EU) \u010di prost\u0159edky poskytovan\u00e9 institucemi a jednotlivci pod\u00edlej\u00edc\u00edmi se na vyko\u0159is\u0165ov\u00e1n\u00ed \u017eiv\u00fdch bytost\u00ed nebo devastaci \u017eivotn\u00edho prost\u0159ed\u00ed.<\/p>\n<p style=\"text-align: center\" dir=\"ltr\"><strong>II.<\/strong><\/p>\n<p style=\"text-align: justify\" dir=\"ltr\">&#8211; \u010clenkou\/\u010dlenem <strong>Asociace ALERTA<\/strong> se m\u016f\u017ee st\u00e1t \u010dlov\u011bk s jakoukoliv sexu\u00e1ln\u00ed orientac\u00ed, kulturn\u00ed, etnickou \u010di n\u00e1rodnostn\u00ed identitou, kter\u00fd souhlas\u00ed s n\u00e1pln\u00ed \u010dinnosti sdru\u017een\u00ed, nen\u00ed stoupenkyn\u00ed\/-cem autorit\u00e1\u0159sk\u00fdch ideologi\u00ed (fa\u0161ismus, neonacismus, bol\u0161evismus ap.) a nen\u00ed zam\u011bstn\u00e1n\/-na v represivn\u00edch slo\u017ek\u00e1ch st\u00e1tu.<\/p>\n<p style=\"text-align: justify\" dir=\"ltr\">&#8211; O p\u0159\u00edpadn\u00e9m vzniku \u010dlenstv\u00ed lze rozhodnout konsensu\u00e1ln\u00ed dohodou (v\u00fdjime\u010dn\u011b na z\u00e1klad\u011b n\u00e1vrhu podpo\u0159en\u00e9ho minim\u00e1ln\u011b 80% \u010dlensk\u00e9 z\u00e1kladny) na plen\u00e1rn\u00ed sch\u016fzi asociace. Pro p\u0159ij\u00edm\u00e1n\u00ed nov\u00fdch \u010dlenek\/\u010dlen\u016f je pot\u0159ebn\u00e1 minim\u00e1ln\u011b dvout\u0159etinov\u00e1 \u00fa\u010dast \u010dlensk\u00e9 z\u00e1kladny na sch\u016fzi.<\/p>\n<p style=\"text-align: center\" dir=\"ltr\"><strong>III.<\/strong><\/p>\n<p style=\"text-align: justify\" dir=\"ltr\">&#8211; \u010clenstv\u00ed v <strong>Asociaci ALERTA <\/strong>zanik\u00e1 dobrovoln\u00fdm vystoupen\u00edm \u010dlenky\/\u010dlena ze sdru\u017een\u00ed \u010di jej\u00edm\/jeho \u00famrt\u00edm.<\/p>\n<p style=\"text-align: justify\" dir=\"ltr\">&#8211; Je-li jedn\u00e1n\u00ed \u010dlenky\/\u010dlena v rozporu s programovou n\u00e1pln\u00ed a principy <strong>Asociace ALERTA<\/strong>, pak m\u016f\u017ee ukon\u010den\u00ed jej\u00ed\/jeho \u010dlenstv\u00ed navrhnout kdokoliv z \u010dlensk\u00e9 z\u00e1kladny. O ukon\u010den\u00ed\/neukon\u010den\u00ed \u010dlenstv\u00ed se v takov\u00e9m p\u0159\u00edpad\u011b rozhodne na plen\u00e1rn\u00ed sch\u016fzi pokud mo\u017eno konsenzem (100% shodou). Nen\u00ed-li mo\u017en\u00e9 konsenzu dos\u00e1hnout, pak je platn\u00e9 rozhodnut\u00ed, kter\u00e9 m\u00e1 podporu minim\u00e1ln\u011b 80% \u010dlenek\/\u010dlen\u016f.<\/p>\n<p style=\"text-align: center\" dir=\"ltr\"><strong>IV.<\/strong><\/p>\n<p style=\"text-align: justify\" dir=\"ltr\"><strong>Asociace ALERTA<\/strong> striktn\u011b odm\u00edt\u00e1 hierarchick\u00e9 organiza\u010dn\u00ed uspo\u0159\u00e1d\u00e1n\u00ed a principy v\u016fdcovstv\u00ed. Rozhodovac\u00edm org\u00e1nem <strong>Asociace ALERTA<\/strong> jsou plen\u00e1rn\u00ed sch\u016fze, kter\u00e9 jsou svol\u00e1v\u00e1ny dle aktu\u00e1ln\u00ed pot\u0159eby a mo\u017enost\u00ed. O ve\u0161ker\u00fdch z\u00e1sadn\u00edch kroc\u00edch se na plen\u00e1rn\u00ed sch\u016fzi rozhoduje konsenzem (za minim\u00e1ln\u00ed \u00fa\u010dasti 2\/3 \u010dlenek\/\u010dlen\u016f). Nen\u00ed-li mo\u017en\u00e9 doj\u00edt ke konsenzu, pak je pot\u0159eba pro stanoven\u00ed a vykon\u00e1n\u00ed rozhodnut\u00ed podpora minim\u00e1ln\u011b 80% \u010dlensk\u00e9 z\u00e1kladny.<\/p>\n<p style=\"text-align: center\" dir=\"ltr\"><strong>V.<\/strong><\/p>\n<p style=\"text-align: justify\" dir=\"ltr\">&#8211; Jak\u00e1koli funkce v r\u00e1mci <strong>Asociace ALERTA<\/strong> je voliteln\u00e1 a kdykoliv odvolateln\u00e1 \u010dlenskou z\u00e1kladnou. Jej\u00ed nositelka\/nositel je povinen\/povina ji vykon\u00e1vat podle \u010dlenskou z\u00e1kladnou stanoven\u00e9ho mand\u00e1tu. Ka\u017ed\u00e9mu kdo tuto z\u00e1kladnu tvo\u0159\u00ed mus\u00ed b\u00fdt kdykoliv na po\u017e\u00e1d\u00e1n\u00ed umo\u017en\u011bn p\u0159\u00edstup k informac\u00edm souvisej\u00edc\u00edm s v\u00fdkonem funkce, aby mohl pod\u00e1vat pr\u00edpadn\u00e9 p\u0159ipom\u00ednky \u010di navrhovat odejmut\u00ed funkce.<\/p>\n<p style=\"text-align: justify\" dir=\"ltr\">&#8211; P\u0159\u00edpadn\u00e9mu dlouhodob\u00e9mu zneu\u017e\u00edv\u00e1n\u00ed \u010di \u201ebyrokratizaci\u201c volen\u00fdch funkc\u00ed se v r\u00e1mci <strong>Asociace ALERTA<\/strong> sna\u017e\u00ed kolektiv p\u0159edch\u00e1zet \u201erota\u010dn\u00edm principem\u201c, tzn. t\u00edm, \u017ee funkci po p\u016flro\u010dn\u00edm vykon\u00e1v\u00e1n\u00ed p\u0159id\u011bl\u00ed jin\u00e9 osob\u011b.<\/p>\n<p style=\"text-align: justify\" dir=\"ltr\">&#8211; Je-li n\u011bkter\u00e1 osoba zbavena funkce z d\u016fvodu zneu\u017eit\u00ed, zanik\u00e1 t\u00edm jej\u00ed mo\u017enost stejnou funkci vykon\u00e1vat v jak\u00e9mkoliv n\u00e1sleduj\u00edc\u00edm obdob\u00ed.<\/p>\n<\/div>\n","protected":false},"excerpt":{"rendered":"<p>\ufeff ORGANIZA\u010cN\u00cd STANOVY ASOCIACE ALERTA PLATN\u00c9 OD 3. \u010cERVNA 2010 I. &#8211; Asociace ALERTA je nestranick\u00e9, nen\u00e1bo\u017eensk\u00e9, rovnost\u00e1\u0159sk\u00e9 sdru\u017een\u00ed, ve kter\u00e9m se sdru\u017euj\u00ed jedinci za \u00fa\u010delem soci\u00e1ln\u00edho rozvoje zalo\u017een\u00e9ho na samospr\u00e1v\u011b bez vazeb na politiku zastupitelsk\u00e9 demokracie. Snahy Asociace ALERTA sm\u011b\u0159uj\u00ed k p\u0159ekon\u00e1n\u00ed st\u00e1vaj\u00edc\u00edho politicko-ekonomick\u00e9ho syst\u00e9mu a k vytvo\u0159en\u00ed podm\u00ednek pro rozvoj svobodn\u00e9 spole\u010dnosti bez [&hellip;]<\/p>\n","protected":false},"author":8517,"featured_media":0,"parent":0,"menu_order":0,"comment_status":"closed","ping_status":"closed","template":"","meta":{"footnotes":""},"class_list":["post-55","page","type-page","status-publish","hentry"],"_links":{"self":[{"href":"https:\/\/asal.noblogs.org\/index.php?rest_route=\/wp\/v2\/pages\/55","targetHints":{"allow":["GET"]}}],"collection":[{"href":"https:\/\/asal.noblogs.org\/index.php?rest_route=\/wp\/v2\/pages"}],"about":[{"href":"https:\/\/asal.noblogs.org\/index.php?rest_route=\/wp\/v2\/types\/page"}],"author":[{"embeddable":true,"href":"https:\/\/asal.noblogs.org\/index.php?rest_route=\/wp\/v2\/users\/8517"}],"replies":[{"embeddable":true,"href":"https:\/\/asal.noblogs.org\/index.php?rest_route=%2Fwp%2Fv2%2Fcomments&post=55"}],"version-history":[{"count":0,"href":"https:\/\/asal.noblogs.org\/index.php?rest_route=\/wp\/v2\/pages\/55\/revisions"}],"wp:attachment":[{"href":"https:\/\/asal.noblogs.org\/index.php?rest_route=%2Fwp%2Fv2%2Fmedia&parent=55"}],"curies":[{"name":"wp","href":"https:\/\/api.w.org\/{rel}","templated":true}]}}