{"id":49,"date":"2011-05-03T22:29:17","date_gmt":"2011-05-03T22:29:17","guid":{"rendered":"http:\/\/alerta2.s.cz\/?page_id=49"},"modified":"2011-05-03T22:29:17","modified_gmt":"2011-05-03T22:29:17","slug":"projekty","status":"publish","type":"page","link":"https:\/\/asal.noblogs.org\/?page_id=49","title":{"rendered":"PROJEKTY"},"content":{"rendered":"<p><!-- #toc, .toc, .mw-warning { border: 1px solid rgb(170, 170, 170); padding: 5px; background-color: rgb(249, 249, 249); font-size: 95%; }#toc h2, .toc h2 { border: medium none ; padding: 0pt; display: inline; font-size: 100%; font-weight: bold; }#toc #toctitle, .toc #toctitle, #toc .toctitle, .toc .toctitle { text-align: center; }#toc ul, .toc ul { list-style-type: none; list-style-image: none; margin-left: 0pt; padding-left: 0pt; text-align: left; }#toc ul ul, .toc ul ul { margin: 0pt 0pt 0pt 2em; }#toc .toctoggle, .toc .toctoggle { font-size: 94%; }body { font-family: 'Times New Roman'; color: rgb(0, 0, 0); widows: 2; font-style: normal; text-indent: 0in; font-variant: normal; font-weight: normal; font-size: 12pt; text-decoration: none; text-align: left; }table {  }td { border-collapse: collapse; text-align: left; vertical-align: top; }p, h1, h2, h3, li { color: rgb(0, 0, 0); font-family: 'Times New Roman'; font-size: 12pt; text-align: left; } --><\/p>\n<div>\n<p dir=\"ltr\"><span style=\"color: #ff0000\"><strong><img loading=\"lazy\" decoding=\"async\" class=\"size-full wp-image-915 alignleft\" title=\"projekty\" src=\"http:\/\/alerta.cz\/wp-content\/uploads\/2011\/05\/projekty.jpg\" alt=\"\" width=\"335\" height=\"36\" srcset=\"https:\/\/asal.noblogs.org\/files\/2011\/05\/projekty.jpg 335w, https:\/\/asal.noblogs.org\/files\/2011\/05\/projekty-300x32.jpg 300w\" sizes=\"auto, (max-width: 335px) 100vw, 335px\" \/><\/strong><\/span><strong> <\/strong><\/p>\n<p style=\"text-align: justify;padding-left: 90px\" dir=\"ltr\"><strong>ALERTA<\/strong> je organizace s mnoha z\u00e1jmy a \u0161irok\u00fdm polem p\u016fsobnosti. Jako takov\u00e1 tedy vedle jednor\u00e1zov\u00fdch aktivit rozv\u00edj\u00ed i n\u011bkolik dlouhodob\u011bj\u0161\u00edch projekt\u016f postaven\u00fdch na kontinu\u00e1ln\u00ed a systematick\u00e9 \u010dinnosti. N\u00e1sleduje popis n\u011bkolika z nich:<\/p>\n<p style=\"text-align: justify\" dir=\"ltr\">&nbsp;<\/p>\n<p dir=\"ltr\"><strong><img loading=\"lazy\" decoding=\"async\" class=\"size-full wp-image-940 alignleft\" title=\"hlas_ulice\" src=\"http:\/\/alerta.cz\/wp-content\/uploads\/2011\/05\/hlas_ulice1.jpg\" alt=\"\" width=\"335\" height=\"36\" srcset=\"https:\/\/asal.noblogs.org\/files\/2011\/05\/hlas_ulice1.jpg 335w, https:\/\/asal.noblogs.org\/files\/2011\/05\/hlas_ulice1-300x32.jpg 300w\" sizes=\"auto, (max-width: 335px) 100vw, 335px\" \/><\/strong><\/p>\n<p style=\"text-align: justify;padding-left: 90px\" dir=\"ltr\"><strong><a href=\"http:\/\/alerta.cz\/?cat=29\" target=\"_blank\">HLAS ULICE<\/a><\/strong> je zpravodaj, kter\u00fd vych\u00e1z\u00ed od kv\u011btna 2010 v n\u00e1kladu 200 \u2013 600 ks. Tento nepravideln\u011b vych\u00e1zej\u00edc\u00ed list si klade za c\u00edl \u0161\u00ed\u0159it informace o iniciativ\u00e1ch zrozen\u00fdch a prob\u00edhaj\u00edc\u00edch v ulic\u00edch m\u011bst, ve kter\u00fdch \u017eijeme a tr\u00e1v\u00edme \u010das. Snaha informovat o d\u011bn\u00ed v ulic\u00edch pramen\u00ed z pot\u0159eby redakce vstupovat do ve\u0159ejn\u00e9ho prostoru, kter\u00fd lid\u00e9 sd\u00edlej\u00ed a d\u00e1vat mu jin\u00fd rozm\u011br ne\u017e ten, kter\u00fd mu d\u00e1v\u00e1 individualistick\u00e1, odcizen\u00e1 a konzumn\u00ed spole\u010dnost. Redakce <em>Hlasu ulice<\/em> v\u011b\u0159\u00ed, \u017ee jedn\u00edm ze smysl\u016f ulic a jin\u00fdch ve\u0159ejn\u00fdch m\u00edst je, aby slou\u017eily jako prostor k setk\u00e1v\u00e1n\u00ed lid\u00ed, k rozkv\u00e9t\u00e1n\u00ed jejich kultury, politiky a k upev\u0148ov\u00e1n\u00ed spole\u010densk\u00fdch vazeb. Pr\u00e1v\u011b proto redakce na str\u00e1nk\u00e1ch zpravodaje informuje o zaj\u00edmavostech, kter\u00e9 s t\u00edm souvis\u00ed.<\/p>\n<p style=\"text-align: justify;padding-left: 150px\" dir=\"ltr\"><strong>V\u0161echna \u010d\u00edsla zpravodaje <em>Hlas ulice<\/em> lze st\u00e1hnout zde:<\/strong><\/p>\n<p style=\"padding-left: 90px;text-align: center\" dir=\"ltr\"><strong><em><a href=\"http:\/\/alerta.cz\/wp-content\/uploads\/2011\/05\/hu01.pdf\">HLAS ULICE # 1<\/a> \u2192 <a href=\"http:\/\/alerta.cz\/?p=400\" target=\"_blank\">HLAS ULICE # 2<\/a> \u2192 <a href=\"http:\/\/alerta.cz\/?p=802\" target=\"_blank\">HLAS ULICE # 3<\/a><\/em><\/strong><\/p>\n<p style=\"padding-left: 90px;text-align: center\" dir=\"ltr\"><strong><em> <a href=\"http:\/\/alerta.cz\/?p=512\" target=\"_blank\">HLAS ULICE # 4<\/a> \u2192\u00a0<a href=\"http:\/\/alerta.cz\/?p=512\"> <\/a><a href=\"http:\/\/alerta.cz\/wp-content\/uploads\/2011\/05\/HU_5_final.pdf\">HLAS ULICE # 5<\/a> \u2192 <a href=\"http:\/\/alerta.cz\/wp-content\/uploads\/2011\/05\/HU_6.pdf\">HLAS ULICE # 6<\/a> <\/em><em> <\/em><\/strong><\/p>\n<p style=\"padding-left: 90px;text-align: center\" dir=\"ltr\"><em><strong> <\/strong><\/em><strong><em><a href=\"http:\/\/alerta.cz\/?p=2013\" target=\"_blank\">HLAS ULICE # 7<\/a><\/em><\/strong><strong><em> \u2192 <a href=\"http:\/\/alerta.cz\/?p=2178\" target=\"_blank\">HLAS ULICE # 8<\/a> <\/em><em>\u2192 <a href=\"http:\/\/alerta.cz\/?p=3530\" target=\"_blank\">HLAS ULICE # 9<\/a><\/em><\/strong><\/p>\n<p><strong><em> <\/em><\/strong><\/p>\n<p style=\"padding-left: 90px;text-align: center\" dir=\"ltr\"><strong><em><br \/>\n<\/em><\/strong><\/p>\n<p dir=\"ltr\"><strong><a href=\"..\/wp-content\/uploads\/2011\/05\/upraveno.jpg\"><\/a><img loading=\"lazy\" decoding=\"async\" class=\"size-full wp-image-917 alignleft\" title=\"mobilni_kino\" src=\"http:\/\/alerta.cz\/wp-content\/uploads\/2011\/05\/mobilni_kino.jpg\" alt=\"\" width=\"335\" height=\"36\" srcset=\"https:\/\/asal.noblogs.org\/files\/2011\/05\/mobilni_kino.jpg 335w, https:\/\/asal.noblogs.org\/files\/2011\/05\/mobilni_kino-300x32.jpg 300w\" sizes=\"auto, (max-width: 335px) 100vw, 335px\" \/><\/strong><span style=\"color: #ff0000\"><strong> <\/strong><\/span><strong> <\/strong><\/p>\n<p style=\"text-align: justify;padding-left: 90px\" dir=\"ltr\"><strong><a href=\"http:\/\/alerta.cz\/?cat=34\" target=\"_blank\">MOBILN\u00cd KINO<\/a> (MobKin)<\/strong> je kulturn\u011b-vzd\u011bl\u00e1vac\u00ed projekt, kter\u00fd se zam\u011b\u0159uje na prom\u00edt\u00e1n\u00ed film\u016f s politickou, historickou, sociologickou, ekologickou a jinou soci\u00e1ln\u00ed t\u00e9matikou. Sou\u010d\u00e1st\u00ed provozu kina je v\u017edy tak\u00e9 poskytov\u00e1n\u00ed prostoru pro diskuzi nad prom\u00edtan\u00fdmi filmy a poskytov\u00e1n\u00ed mo\u017enosti pod\u00edlet se na dal\u0161\u00edch aktivit\u00e1ch Alerty. Kino provozovan\u00e9 Alertou \u010dasto vyu\u017e\u00edv\u00e1 improvizace v neprozkouman\u00e9m ter\u00e9nu a z\u00e1kladn\u00ed charakteristikou tohoto kina je jeho mobilita. Kino tedy nen\u00ed v\u00e1zan\u00e9 na jedno konkr\u00e9tn\u00ed m\u00edsto \u010di prostor, ale je v neust\u00e1l\u00e9m pohybu mezi r\u016fzn\u00fdmi prostory, m\u011bsty, lokalitami\u2026 Mezi m\u00edsty, kde je Mobiln\u00ed kino provozov\u00e1no, najdeme jak kluby, hospody a kav\u00e1rny, tak \u0161koly a galerie, nebo t\u0159eba ulice mezi panel\u00e1ky na s\u00eddli\u0161t\u00edch. Prom\u00edt\u00e1n\u00ed film\u016f v Mobiln\u00edm kin\u011b je zpravidla <strong>ZDARMA<\/strong>, nebo za p\u0159\u00edpadn\u00fd (dobrovoln\u00fd!) solid\u00e1rn\u00ed p\u0159\u00edsp\u011bvek na podporu aktivit kina nebo jin\u00fdch aktivit Alerty.<\/p>\n<p style=\"text-align: justify;padding-left: 90px\" dir=\"ltr\">Informace o pl\u00e1novan\u00fdch \u010di prob\u011bhl\u00fdch prom\u00edt\u00e1n\u00edch Mobiln\u00edho kina jsou v sekci <strong><a href=\"http:\/\/alerta.cz\/?page_id=59\" target=\"_blank\">AKCE<\/a><\/strong> na tomto webu.<\/p>\n<p style=\"text-align: center;padding-left: 90px\" dir=\"ltr\"><a href=\"http:\/\/alerta.cz\/?p=2782\" target=\"_blank\"><img loading=\"lazy\" decoding=\"async\" class=\"aligncenter size-full wp-image-3142\" title=\"mob_kino\" src=\"http:\/\/alerta.cz\/wp-content\/uploads\/2011\/05\/mob_kino.gif\" alt=\"\" width=\"468\" height=\"80\" \/><\/a><\/p>\n<p style=\"text-align: justify;padding-left: 90px\" dir=\"ltr\">&nbsp;<\/p>\n<p dir=\"ltr\"><strong><a href=\"..\/wp-content\/uploads\/2011\/05\/upraveno.jpg\"><\/a><img loading=\"lazy\" decoding=\"async\" class=\"size-full wp-image-918 alignleft\" title=\"scream_fest\" src=\"http:\/\/alerta.cz\/wp-content\/uploads\/2011\/05\/scream_fest.jpg\" alt=\"\" width=\"335\" height=\"36\" srcset=\"https:\/\/asal.noblogs.org\/files\/2011\/05\/scream_fest.jpg 335w, https:\/\/asal.noblogs.org\/files\/2011\/05\/scream_fest-300x32.jpg 300w\" sizes=\"auto, (max-width: 335px) 100vw, 335px\" \/><\/strong><\/p>\n<p style=\"text-align: justify;padding-left: 120px\" dir=\"ltr\">\ufeff<strong><a href=\"http:\/\/screamfest.cz\/\" target=\"_blank\">SCREAMFEST<\/a> <\/strong>je projekt propojuj\u00edc\u00ed protest a anga\u017eovanost s tvo\u0159ivou z\u00e1bavou, um\u011bn\u00edm a alternativn\u00ed kulturou. Smyslem tohoto projektu je sjednocov\u00e1n\u00ed lid\u00ed skrze spole\u010dn\u00e1 t\u00e9mata a to p\u0159edev\u0161\u00edm ve ve\u0159ejn\u00e9m prostoru ulic. Scream fest\u00a0 v\u0161ak nem\u00e1 b\u00fdt jen pod\u00edvanou pro pasivn\u00ed publikum, ale sna\u017e\u00ed se b\u00fdt motivac\u00ed k aktivit\u011b samotn\u00fdch \u00fa\u010dastn\u00edk\u016f a \u00fa\u010dastnic. D\u016fraz je p\u0159itom kladen p\u0159edev\u0161\u00edm na r\u016fzn\u00e9 projevy nezprost\u0159edkovan\u00e9ho jedn\u00e1n\u00ed (tzv. p\u0159\u00edm\u00e9 akce) a na jasn\u00e9 odm\u00edtnut\u00ed autorit\u00e1\u0159stv\u00ed, hierarchie a princip\u016f zastupitelsk\u00e9 demokracie.<\/p>\n<p style=\"text-align: justify;padding-left: 120px\" dir=\"ltr\"><strong>Report\u00e1\u017ee z prob\u011bhl\u00fdch ScreamFest\u016f najdete na n\u00e1sleduj\u00edc\u00edch odkazech:<\/strong><\/p>\n<p style=\"text-align: justify;padding-left: 120px\" dir=\"ltr\"><strong><span style=\"color: #ff0000\">*<\/span> <a href=\"http:\/\/alerta.cz\/?p=668\" target=\"_blank\">ScreamFest &#8211; 11. 9. 2010 &#8211; Most<\/a><\/strong><\/p>\n<p style=\"text-align: justify;padding-left: 120px\" dir=\"ltr\"><span style=\"color: #ff0000\"><strong>* <\/strong><\/span><strong><a href=\"http:\/\/alerta.cz\/?p=2064\" target=\"_blank\">ScreamFest II. &#8211; 17. 9. 2011 &#8211; Most<\/a><\/strong><\/p>\n<p style=\"text-align: justify;padding-left: 120px\" dir=\"ltr\"><strong><span style=\"color: #ff0000\">*<\/span> <a href=\"http:\/\/alerta.cz\/?p=6097\">SreamFest III. &#8211; 8. 9. 2012 &#8211; Most<\/a><br \/>\n<\/strong><\/p>\n<p style=\"text-align: justify;padding-left: 120px\" dir=\"ltr\"><strong>Webov\u00e9 str\u00e1nky ScreamFestu jsou zde:\u00a0<a href=\"http:\/\/screamfest.cz\/\" target=\"_blank\">http:\/\/screamfest.cz<\/a><\/strong><\/p>\n<p style=\"text-align: justify;padding-left: 120px\" dir=\"ltr\"><strong><br \/>\n<\/strong><\/p>\n<p dir=\"ltr\"><strong> <\/strong><strong> <\/strong><img loading=\"lazy\" decoding=\"async\" class=\"size-full wp-image-942 alignleft\" title=\"prednaskova_skupina\" src=\"http:\/\/alerta.cz\/wp-content\/uploads\/2011\/05\/prednaskova_skupina2.jpg\" alt=\"\" width=\"335\" height=\"36\" srcset=\"https:\/\/asal.noblogs.org\/files\/2011\/05\/prednaskova_skupina2.jpg 335w, https:\/\/asal.noblogs.org\/files\/2011\/05\/prednaskova_skupina2-300x32.jpg 300w\" sizes=\"auto, (max-width: 335px) 100vw, 335px\" \/><\/p>\n<p style=\"padding-left: 90px;text-align: justify\" dir=\"ltr\">Dal\u0161\u00edm vzd\u011bl\u00e1vac\u00edm projektem Alerty je iniciativa lid\u00ed podporuj\u00edc\u00edch p\u0159edn\u00e1\u0161kovou \u010dinnost s r\u016fznou t\u00e9matikou. Vedle realizov\u00e1n\u00ed p\u0159edn\u00e1\u0161ek p\u0159\u00edmo \u010dleny a \u010dlenkami Alerty se zam\u011b\u0159ujeme tak\u00e9 na podporu p\u0159edn\u00e1\u0161ej\u00edc\u00edch lid\u00ed z jin\u00fdch organizac\u00ed a skupin, p\u0159\u00edpadn\u011b jedinc\u016f p\u016fsob\u00edc\u00edch individu\u00e1ln\u011b bez organiza\u010dn\u00ed p\u0159\u00edslu\u0161nosti. Mezi p\u0159edn\u00e1\u0161kami, kter\u00e9 realizovali nebo pom\u00e1hali realizovat lid\u00e9 z Alerty, jsou prozat\u00edm p\u0159edn\u00e1\u0161ky na tato t\u00e9mata:<\/p>\n<p style=\"padding-left: 150px\" dir=\"ltr\"><em><strong><span style=\"color: #ff0000\">* <\/span>M\u00ddTY A FAKTA O ODPADECH<br \/>\n<\/strong><\/em><\/p>\n<p style=\"padding-left: 150px\" dir=\"ltr\"><strong><em><span style=\"color: #ff0000\">* <\/span>CO JE SQUATTING A KDO JSOU SQUATTE\u0158I<\/em><br \/>\n<\/strong><\/p>\n<p style=\"text-align: justify;padding-left: 150px\" dir=\"ltr\"><strong><span style=\"color: #ff0000\"> * <\/span><\/strong><em><strong>BOJ ZA OSVOBOZEN\u00cd ZV\u00cd\u0158AT: ANTIKAPITALISTICK\u00c1 PERSPEKTIVA &gt;\u00a0 <a href=\"http:\/\/alerta.cz\/?p=492\" target=\"_blank\">info ZDE:<\/a><\/strong><\/em><\/p>\n<p style=\"text-align: justify;padding-left: 150px\" dir=\"ltr\"><em><strong><span style=\"color: #ff0000\">*<\/span> KRITICK\u00c1 REFLEXE HNUT\u00cd ZA OSVOBOZEN\u00cd ZV\u00cd\u0158AT &gt;\u00a0 <a href=\"http:\/\/alerta.cz\/?p=3679\" target=\"_blank\">info ZDE:<\/a><\/strong><br \/>\n<\/em><\/p>\n<p style=\"text-align: justify;padding-left: 150px\" dir=\"ltr\"><strong><em><strong><span style=\"color: #ff0000\">*<\/span> HISTORIE, TEORIE A PRAXE ORGANIZACE MUJERES LIBRES (SVOBODN\u00c9 \u017dENY) &gt; <a href=\"http:\/\/alerta.cz\/?p=5272\" target=\"_blank\">info ZDE:<\/a><br \/>\n<\/strong><\/em><\/strong><\/p>\n<p style=\"text-align: justify;padding-left: 150px\" dir=\"ltr\"><strong><em><strong><span style=\"color: #ff0000\">*<\/span> JAK REAGOVAT NA SEXU\u00c1LN\u00cd N\u00c1SIL\u00cd &gt; <\/strong><\/em><\/strong><strong><em><strong><a href=\"http:\/\/www.facebook.com\/event.php?eid=179061632178107\" target=\"_blank\">info ZDE:<\/a><\/strong><\/em><\/strong><\/p>\n<p style=\"text-align: justify;padding-left: 150px\" dir=\"ltr\"><strong><em><strong><strong><em><strong><span style=\"color: #ff0000\">* <\/span><\/strong><\/em><\/strong><\/strong><\/em><\/strong><strong><em><strong><strong><em><strong><span style=\"color: #ff0000\"> <\/span>RASISMUS A ANTIRASISMUS<\/strong><\/em><\/strong><\/strong><\/em><\/strong><\/p>\n<p style=\"text-align: justify;padding-left: 150px\" dir=\"ltr\"><strong><em><strong><strong><em><strong><span style=\"color: #ff0000\">*<\/span> BLOK\u00c1DA POMOC\u00cd TRUBEK NA PA\u017d\u00cdCH &gt; <a href=\"http:\/\/alerta.cz\/?p=6971\" target=\"_blank\">info ZDE:<\/a><\/strong><\/em><\/strong><\/strong><\/em><\/strong><\/p>\n<p style=\"text-align: justify;padding-left: 150px\" dir=\"ltr\"><strong><em><strong><strong><em><strong><span style=\"color: #ff0000\">*<\/span> O V\u00ddZNAMU OAKLANDSK\u00c9 KOMUNY &gt; <a href=\"http:\/\/alerta.cz\/?p=6979\" target=\"_blank\">info ZDE:<\/a><br \/>\n<\/strong><\/em><\/strong><\/strong><\/em><\/strong><\/p>\n<p style=\"text-align: justify;padding-left: 90px\" dir=\"ltr\">Tyto p\u0159edn\u00e1\u0161ky lze op\u011bt realizovat po domluv\u011b p\u0159es e-mail: <strong>alerta(<span style=\"color: #ff0000\">zavin\u00e1\u010d<\/span>)safe-mail.net<\/strong>. Dal\u0161\u00ed p\u0159edn\u00e1\u0161ky jsou ve f\u00e1zi p\u0159\u00edprav a pr\u016fb\u011b\u017en\u011b o nich budeme informovat na na\u0161em webu v sekci <strong><a href=\"http:\/\/alerta.cz\/?page_id=59\" target=\"_blank\">AKCE<\/a><\/strong><\/p>\n<p style=\"text-align: justify;padding-left: 60px\" dir=\"ltr\"><strong><br \/>\n<\/strong><\/p>\n<p style=\"text-align: justify\" dir=\"ltr\"><img loading=\"lazy\" decoding=\"async\" class=\"size-full wp-image-931 alignleft\" title=\"vystavy\" src=\"http:\/\/alerta.cz\/wp-content\/uploads\/2011\/05\/vystavy2.jpg\" alt=\"\" width=\"335\" height=\"36\" srcset=\"https:\/\/asal.noblogs.org\/files\/2011\/05\/vystavy2.jpg 335w, https:\/\/asal.noblogs.org\/files\/2011\/05\/vystavy2-300x32.jpg 300w\" sizes=\"auto, (max-width: 335px) 100vw, 335px\" \/><\/p>\n<p style=\"text-align: justify;padding-left: 90px\" dir=\"ltr\">Asociace ALERTA se mimo jin\u00e9 zam\u011b\u0159uje tak\u00e9 na realizaci vlastn\u00edch v\u00fdstav a podporu v\u00fdstav na\u0161ich p\u0159\u00e1tel \u010di sp\u0159\u00e1telen\u00fdch kolektiv\u016f. Mezi v\u00fdstavami, kter\u00e9 realizovali aktivisti a aktivistky z Alerty, jsou prozat\u00edm tyto dv\u011b:<\/p>\n<p style=\"text-align: justify;padding-left: 150px\" dir=\"ltr\"><strong>1)<a href=\"http:\/\/alerta.cz\/?p=808\" target=\"_blank\">V\u00ddSTAVA<\/a> O DESTRUKTIVN\u00cd UHELN\u00c9 \u00a0ENERGETICE A TRVALE UDR\u017dITELN\u00ddCH ALTERNATIV\u00c1CH<\/strong><\/p>\n<p style=\"text-align: justify;padding-left: 150px\" dir=\"ltr\"><strong>popis:<\/strong> V\u00fdstava obsahuje spoustu fotografi\u00ed a text\u016f mapuj\u00edc\u00edch negativn\u00ed dopady uheln\u00e9 energetiky a t\u011b\u017eby. Dozv\u011bd\u011bt se tak m\u016f\u017eete jak t\u011b\u017eba a energetika destruktivn\u011b ovliv\u0148uje ekosyst\u00e9m a \u017eivot lid\u00ed ve m\u011bstech, v obc\u00edch a d\u00e1le i t\u011bch, kdo nasazuj\u00ed sv\u00e9 \u017eivoty p\u0159i pr\u00e1ci v dolech. V\u00fdstava se v\u0161ak nenese jen v kritick\u00e9m a odm\u00edtav\u00e9m duchu, ale p\u0159edstavuje tak\u00e9 alternativy k uheln\u00e9 energetice v podob\u011b trvale udr\u017eiteln\u00e9ho energetick\u00e9ho konceptu, spo\u010d\u00edvaj\u00edc\u00edho v p\u0159echodu na diverzifikovan\u00e9 vyu\u017e\u00edv\u00e1n\u00ed obnoviteln\u00fdch zdroj\u016f energie.<\/p>\n<p style=\"text-align: justify;padding-left: 150px\" dir=\"ltr\"><strong>2)V\u00ddSTAVA: SQUATY A AUTONOMN\u00cd CENTRA<\/strong><\/p>\n<p style=\"text-align: justify;padding-left: 150px\" dir=\"ltr\"><strong>popis:<\/strong> V\u00fdstava obsahuje n\u011bkolik des\u00edtek barevn\u00fdch fotografi\u00ed z cel\u00e9ho sv\u011bta a informa\u010dn\u00ed panely popisuj\u00ed jak smysl squattingu, tak historii n\u011bkter\u00fdch squat\u016f.<\/p>\n<p style=\"text-align: justify;padding-left: 90px\" dir=\"ltr\">V p\u0159\u00edpad\u011b z\u00e1jmu je mo\u017en\u00e9 zm\u00edn\u011bn\u00e9 v\u00fdstavy nainstalovat v kav\u00e1rn\u00e1ch, galeri\u00edch, klubech, \u0161kol\u00e1ch atd. Z\u00e1jemci a z\u00e1jemkyn\u011b o instalaci pi\u0161te na n\u00e1\u0161 kontaktn\u00ed e-mail <strong>alerta(zavin\u00e1\u010d)safe-mail.net<\/strong><\/p>\n<p style=\"text-align: justify\" dir=\"ltr\"><strong><br \/>\n<\/strong><\/p>\n<p dir=\"ltr\"><strong><img loading=\"lazy\" decoding=\"async\" class=\"size-full wp-image-922 alignleft\" title=\"alerta_press\" src=\"http:\/\/alerta.cz\/wp-content\/uploads\/2011\/05\/alerta_press.jpg\" alt=\"\" width=\"335\" height=\"36\" srcset=\"https:\/\/asal.noblogs.org\/files\/2011\/05\/alerta_press.jpg 335w, https:\/\/asal.noblogs.org\/files\/2011\/05\/alerta_press-300x32.jpg 300w\" sizes=\"auto, (max-width: 335px) 100vw, 335px\" \/><\/strong><\/p>\n<p style=\"text-align: justify;padding-left: 90px\" dir=\"ltr\">Vedle vyd\u00e1v\u00e1n\u00ed zpravodaje Hlas ulice se Alerta zam\u011b\u0159uje i na dal\u0161\u00ed druhy publika\u010dn\u00ed \u010dinnosti. Jedn\u00e1 se zejm\u00e9na o tisk let\u00e1k\u016f a plak\u00e1t\u016f k p\u0159\u00edle\u017eitosti v\u00fdznamn\u00fdch ud\u00e1lost\u00ed jako jsou st\u00e1vky, protesty, happeningy atd. V pl\u00e1nu je tak\u00e9 zah\u00e1jen\u00ed vydavatelsk\u00e9 \u010dinnosti zam\u011b\u0159en\u00e9 na tisk bro\u017eur.<\/p>\n<p style=\"text-align: justify;padding-left: 90px\" dir=\"ltr\"><strong>Tiskoviny, kter\u00e9 Asociace Alerta vydala, je mo\u017en\u00e9 st\u00e1hnout <em><a href=\"http:\/\/alerta.cz\/?page_id=2770\" target=\"_blank\">\u2192 ZDE \u2190<\/a><\/em><\/strong><\/p>\n<p style=\"text-align: justify;padding-left: 90px\" dir=\"ltr\"><strong><em><br \/>\n<\/em><\/strong><\/p>\n<p style=\"text-align: justify\" dir=\"ltr\"><img loading=\"lazy\" decoding=\"async\" class=\"size-full wp-image-924 alignleft\" title=\"webove_stranky\" src=\"http:\/\/alerta.cz\/wp-content\/uploads\/2011\/05\/webove_stranky1.jpg\" alt=\"\" width=\"335\" height=\"36\" srcset=\"https:\/\/asal.noblogs.org\/files\/2011\/05\/webove_stranky1.jpg 335w, https:\/\/asal.noblogs.org\/files\/2011\/05\/webove_stranky1-300x32.jpg 300w\" sizes=\"auto, (max-width: 335px) 100vw, 335px\" \/><\/p>\n<p style=\"text-align: justify;padding-left: 90px\" dir=\"ltr\">Alerta ji\u017e od sv\u00e9ho zalo\u017een\u00ed provozuje webov\u00e9 st\u00e1nky, kter\u00e9 nejprve m\u011bly dom\u00e9nu <strong>alerta.s.cz <\/strong>a pozd\u011bji byly p\u0159em\u00edst\u011bny na dom\u00e9nu <strong>alerta.cz<\/strong> . Webov\u00e9 str\u00e1nky alerta.cz informuj\u00ed jak o \u010dinnosti asociace Alerta, tak o \u010dinnosti sp\u0159\u00e1telen\u00fdch skupin a organizac\u00ed. Zpravodajstv\u00ed je dopl\u0148ov\u00e1no o kritick\u00e9 anal\u00fdzy spole\u010densk\u00fdch pom\u011br\u016f a ud\u00e1lost\u00ed i rozhovory se zaj\u00edmav\u00fdmi osobnostmi. Alerta poskytuje po p\u0159edchoz\u00ed domluv\u011b prostor na webu i lidem, kte\u0159\u00ed nejsou sdru\u017eeni v na\u0161\u00ed asociaci. Sv\u00e9 \u010dl\u00e1nky m\u016f\u017eete pos\u00edlat na <strong>alerta<span style=\"color: #ff0000\">(zavin\u00e1\u010d)<\/span>safe-mail.net<\/strong><\/p>\n<p style=\"text-align: justify;padding-left: 90px\" dir=\"ltr\">&nbsp;<\/p>\n<p style=\"text-align: justify\" dir=\"ltr\"><strong><img loading=\"lazy\" decoding=\"async\" class=\"alignleft size-medium wp-image-7150\" title=\"MSS\" src=\"http:\/\/alerta.cz\/wp-content\/uploads\/2011\/05\/MSS-300x121.jpg\" alt=\"\" width=\"300\" height=\"121\" srcset=\"https:\/\/asal.noblogs.org\/files\/2011\/05\/MSS-300x121.jpg 300w, https:\/\/asal.noblogs.org\/files\/2011\/05\/MSS.jpg 616w\" sizes=\"auto, (max-width: 300px) 100vw, 300px\" \/><\/strong>V r\u00e1mci Asociace Alerta jako pracovn\u00ed skupina od dubna 2013 funguje<em><strong> Mosteck\u00e1 solid\u00e1rn\u00ed s\u00ed\u0165 (MSS)<\/strong><\/em>. Je to projekt inspirovan\u00fd podobn\u00fdmi solid\u00e1rn\u00edmi s\u00edt\u011bmi ve sv\u011bt\u011b, mezi n\u011b\u017e pat\u0159\u00ed nap\u0159\u00edklad u n\u00e1s \u010dasto zmi\u0148ovan\u00e1 <strong><a href=\"http:\/\/seasol.net\/\" target=\"_top\">Seattle Solidarity Network<\/a>.<\/strong> <em><strong>Mosteck\u00e1 solid\u00e1rn\u00ed s\u00ed\u0165<\/strong><\/em> je rovnost\u00e1\u0159sky strukturovanou s\u00edt\u00ed pracuj\u00edc\u00edch, nezam\u011bstnan\u00fdch a  student\u016f. Sdru\u017eujeme se, abychom h\u00e1jili na\u0161e z\u00e1jmy prost\u0159ednictv\u00edm  kolektivn\u00ed akce a vz\u00e1jemn\u00e9 pomoci.<\/p>\n<p style=\"padding-left: 90px;text-align: justify\">Polem na\u0161\u00ed p\u016fsobnosti je velmi \u0161irok\u00e9.  Jsou jim ulice, \u0161koly, pracovi\u0161t\u011b, sousedstv\u00ed a jin\u00e1 m\u00edsta, kde doch\u00e1z\u00ed k  organizovan\u00e9mu \u00fatlaku ze strany \u0161\u00e9f\u016f \u010di pronaj\u00edmatel\u016f a je mo\u017en\u00e9 se mu  zde tak\u00e9 organizovan\u011b br\u00e1nit.<\/p>\n<p style=\"padding-left: 90px;text-align: justify\">Organizujeme se za \u00fa\u010delem vz\u00e1jemn\u00e9  pomoci. Osamocen\u00fd jedinec je proti jedn\u00e1n\u00ed \u0161\u00e9f\u016f a pronaj\u00edmatel\u016f  bezbrann\u00fd. Kolektivn\u00ed vzdor a solidarita se v\u0161ak mohou st\u00e1t \u00fa\u010dinn\u00fdmi  n\u00e1stroji obrany.<\/p>\n<p style=\"padding-left: 90px;text-align: justify\"><em><strong>Tr\u00e1p\u00ed t\u011b nezaplacen\u00e1 mzda?  Nedobrovoln\u00e9 p\u0159es\u010dasy? Zvy\u0161ov\u00e1n\u00ed n\u00e1jemn\u00e9ho? Nevr\u00e1cen\u00e1 kauce? Nebo m\u00e1\u0161  jin\u00fd podobn\u00fd probl\u00e9m se \u0161\u00e9fem \u010di pronaj\u00edmatelem bytu?<\/strong><\/em> <em><strong>Kontaktuj Asociaci ALERTA a zapoj se do Mosteck\u00e9 solid\u00e1rn\u00ed s\u00edt\u011b.<\/strong><\/em><\/p>\n<p style=\"padding-left: 120px;text-align: justify\"><em><strong><br \/>\n<\/strong><\/em><\/p>\n<p style=\"text-align: center;padding-left: 120px\"><em><strong><a href=\"http:\/\/alerta.cz\/?p=6886\" target=\"_blank\"><img loading=\"lazy\" decoding=\"async\" class=\"aligncenter size-full wp-image-7151\" title=\"MSS_banner\" src=\"http:\/\/alerta.cz\/wp-content\/uploads\/2011\/05\/MSS_banner.gif\" alt=\"\" width=\"468\" height=\"60\" \/><\/a><\/strong><\/em><\/p>\n<p style=\"text-align: center;padding-left: 120px\"><em><strong><br \/>\n<\/strong><\/em><\/p>\n<p><em><strong><br \/>\n<\/strong><\/em><\/p>\n<p style=\"text-align: center\" dir=\"ltr\"><strong><br \/>\n<\/strong><\/p>\n<\/div>\n<div id=\"_mcePaste\" class=\"mcePaste\" style=\"width: 1px;height: 1px;overflow: hidden\">target=&#8221;_blank&#8221;&gt;<\/div>\n","protected":false},"excerpt":{"rendered":"<p>ALERTA je organizace s mnoha z\u00e1jmy a \u0161irok\u00fdm polem p\u016fsobnosti. Jako takov\u00e1 tedy vedle jednor\u00e1zov\u00fdch aktivit rozv\u00edj\u00ed i n\u011bkolik dlouhodob\u011bj\u0161\u00edch projekt\u016f postaven\u00fdch na kontinu\u00e1ln\u00ed a systematick\u00e9 \u010dinnosti. N\u00e1sleduje popis n\u011bkolika z nich: &nbsp; HLAS ULICE je zpravodaj, kter\u00fd vych\u00e1z\u00ed od kv\u011btna 2010 v n\u00e1kladu 200 \u2013 600 ks. Tento nepravideln\u011b vych\u00e1zej\u00edc\u00ed list si klade za [&hellip;]<\/p>\n","protected":false},"author":8517,"featured_media":0,"parent":0,"menu_order":0,"comment_status":"closed","ping_status":"closed","template":"","meta":{"footnotes":""},"class_list":["post-49","page","type-page","status-publish","hentry"],"_links":{"self":[{"href":"https:\/\/asal.noblogs.org\/index.php?rest_route=\/wp\/v2\/pages\/49","targetHints":{"allow":["GET"]}}],"collection":[{"href":"https:\/\/asal.noblogs.org\/index.php?rest_route=\/wp\/v2\/pages"}],"about":[{"href":"https:\/\/asal.noblogs.org\/index.php?rest_route=\/wp\/v2\/types\/page"}],"author":[{"embeddable":true,"href":"https:\/\/asal.noblogs.org\/index.php?rest_route=\/wp\/v2\/users\/8517"}],"replies":[{"embeddable":true,"href":"https:\/\/asal.noblogs.org\/index.php?rest_route=%2Fwp%2Fv2%2Fcomments&post=49"}],"version-history":[{"count":0,"href":"https:\/\/asal.noblogs.org\/index.php?rest_route=\/wp\/v2\/pages\/49\/revisions"}],"wp:attachment":[{"href":"https:\/\/asal.noblogs.org\/index.php?rest_route=%2Fwp%2Fv2%2Fmedia&parent=49"}],"curies":[{"name":"wp","href":"https:\/\/api.w.org\/{rel}","templated":true}]}}