{"id":4303,"date":"2012-04-05T10:32:20","date_gmt":"2012-04-05T09:32:20","guid":{"rendered":"http:\/\/alerta.cz\/?page_id=4303"},"modified":"2012-04-05T10:32:20","modified_gmt":"2012-04-05T09:32:20","slug":"alerta-press","status":"publish","type":"page","link":"https:\/\/asal.noblogs.org\/?page_id=4303","title":{"rendered":"ALERTA PRESS"},"content":{"rendered":"<p style=\"text-align: justify;padding-left: 30px\" dir=\"ltr\"><em>Vedle  vyd\u00e1v\u00e1n\u00ed zpravodaje Hlas ulice se Alerta zam\u011b\u0159uje i na dal\u0161\u00ed druhy  publika\u010dn\u00ed \u010dinnosti. Jedn\u00e1 se zejm\u00e9na o tisk let\u00e1k\u016f a plak\u00e1t\u016f k  p\u0159\u00edle\u017eitosti v\u00fdznamn\u00fdch ud\u00e1lost\u00ed jako jsou st\u00e1vky, protesty, happeningy  atd. V pl\u00e1nu je tak\u00e9 zah\u00e1jen\u00ed vydavatelsk\u00e9 \u010dinnosti zam\u011b\u0159en\u00e9 na tisk  bro\u017eur.<\/em><\/p>\n<p style=\"text-align: center\" dir=\"ltr\"><strong>Tiskoviny, kter\u00e9 Asociace Alerta vydala, je mo\u017en\u00e9 st\u00e1hnout <em><a href=\"..\/?page_id=2770\" target=\"_blank\">\u2192 ZDE \u2190<\/a><\/em><\/strong><\/p>\n","protected":false},"excerpt":{"rendered":"<p>Vedle vyd\u00e1v\u00e1n\u00ed zpravodaje Hlas ulice se Alerta zam\u011b\u0159uje i na dal\u0161\u00ed druhy publika\u010dn\u00ed \u010dinnosti. Jedn\u00e1 se zejm\u00e9na o tisk let\u00e1k\u016f a plak\u00e1t\u016f k p\u0159\u00edle\u017eitosti v\u00fdznamn\u00fdch ud\u00e1lost\u00ed jako jsou st\u00e1vky, protesty, happeningy atd. V pl\u00e1nu je tak\u00e9 zah\u00e1jen\u00ed vydavatelsk\u00e9 \u010dinnosti zam\u011b\u0159en\u00e9 na tisk bro\u017eur. Tiskoviny, kter\u00e9 Asociace Alerta vydala, je mo\u017en\u00e9 st\u00e1hnout \u2192 ZDE \u2190<\/p>\n","protected":false},"author":8517,"featured_media":0,"parent":0,"menu_order":0,"comment_status":"closed","ping_status":"open","template":"","meta":{"footnotes":""},"class_list":["post-4303","page","type-page","status-publish","hentry"],"_links":{"self":[{"href":"https:\/\/asal.noblogs.org\/index.php?rest_route=\/wp\/v2\/pages\/4303","targetHints":{"allow":["GET"]}}],"collection":[{"href":"https:\/\/asal.noblogs.org\/index.php?rest_route=\/wp\/v2\/pages"}],"about":[{"href":"https:\/\/asal.noblogs.org\/index.php?rest_route=\/wp\/v2\/types\/page"}],"author":[{"embeddable":true,"href":"https:\/\/asal.noblogs.org\/index.php?rest_route=\/wp\/v2\/users\/8517"}],"replies":[{"embeddable":true,"href":"https:\/\/asal.noblogs.org\/index.php?rest_route=%2Fwp%2Fv2%2Fcomments&post=4303"}],"version-history":[{"count":0,"href":"https:\/\/asal.noblogs.org\/index.php?rest_route=\/wp\/v2\/pages\/4303\/revisions"}],"wp:attachment":[{"href":"https:\/\/asal.noblogs.org\/index.php?rest_route=%2Fwp%2Fv2%2Fmedia&parent=4303"}],"curies":[{"name":"wp","href":"https:\/\/api.w.org\/{rel}","templated":true}]}}