{"id":173,"date":"2011-05-04T00:00:04","date_gmt":"2011-05-04T00:00:04","guid":{"rendered":"http:\/\/alerta2.s.cz\/?page_id=173"},"modified":"2011-05-04T00:00:04","modified_gmt":"2011-05-04T00:00:04","slug":"kdo-jsme","status":"publish","type":"page","link":"https:\/\/asal.noblogs.org\/?page_id=173","title":{"rendered":"O N\u00c1S"},"content":{"rendered":"<p><!-- #toc, .toc, .mw-warning { border: 1px solid rgb(170, 170, 170); background-color: rgb(249, 249, 249); padding: 5px; font-size: 95%; }#toc h2, .toc h2 { display: inline; border: medium none; padding: 0px; font-size: 100%; font-weight: bold; }#toc #toctitle, .toc #toctitle, #toc .toctitle, .toc .toctitle { text-align: center; }#toc ul, .toc ul { list-style-type: none; list-style-image: none; margin-left: 0px; padding-left: 0px; text-align: left; }#toc ul ul, .toc ul ul { margin: 0px 0px 0px 2em; }#toc .toctoggle, .toc .toctoggle { font-size: 94%; }body { font-size: 12pt; font-family: 'Liberation Serif'; }table {  }td { border-collapse: collapse; text-align: left; vertical-align: top; }p, h1, h2, h3, li { font-family: 'Liberation Serif'; font-size: 12pt; } --><\/p>\n<p style=\"text-align: justify;padding-left: 30px\"><strong><em><img loading=\"lazy\" decoding=\"async\" class=\"alignleft size-thumbnail wp-image-7562\" title=\"Asociace Alerta-logo\" src=\"http:\/\/alerta.cz\/wp-content\/uploads\/2014\/03\/Asociace-Alerta-logo-150x150.jpg\" alt=\"\" width=\"150\" height=\"150\" srcset=\"https:\/\/asal.noblogs.org\/files\/2014\/03\/Asociace-Alerta-logo-150x150.jpg 150w, https:\/\/asal.noblogs.org\/files\/2014\/03\/Asociace-Alerta-logo-300x300.jpg 300w, https:\/\/asal.noblogs.org\/files\/2014\/03\/Asociace-Alerta-logo-1024x1024.jpg 1024w, https:\/\/asal.noblogs.org\/files\/2014\/03\/Asociace-Alerta-logo-624x624.jpg 624w, https:\/\/asal.noblogs.org\/files\/2014\/03\/Asociace-Alerta-logo.jpg 1100w\" sizes=\"auto, (max-width: 150px) 100vw, 150px\" \/><\/em><\/strong><\/p>\n<div style=\"text-align: justify\">\n<p><strong>Asociace Alerta: Kdo jsme a co chceme<\/strong><\/p>\n<p><em>Asociace Alerta<\/em> je organizace sdru\u017euj\u00edc\u00ed pracuj\u00edc\u00ed, nezam\u011bstnan\u00e9 a studenty. Je tvo\u0159ena lok\u00e1ln\u00edmi skupinami, kter\u00e9 jsou organiza\u010dn\u011b propojeny v r\u00e1mci nadregion\u00e1ln\u00ed federace. V asociaci se sdru\u017eujeme proto, abychom h\u00e1jili na\u0161e z\u00e1jmy prost\u0159ednictv\u00edm kolektivn\u00ed p\u0159\u00edm\u00e9 akce a vz\u00e1jemn\u00e9 pomoci. Na\u0161e \u010dinnost se projevuje na r\u016fzn\u00fdch m\u00edstech. Jsou to ulice, \u0161koly, pracovi\u0161t\u011b, sousedstv\u00ed a jin\u00e1 m\u00edsta, kde doch\u00e1z\u00ed k organizovan\u00e9mu \u00fatlaku a je mo\u017en\u00e9 se mu zde tak\u00e9 organizovan\u011b br\u00e1nit.<\/p>\n<p>Asociace Alerta se sv\u00e9 aktivity sna\u017e\u00ed rozv\u00edjet s ohledem na soci\u00e1ln\u00ed souvislosti minul\u00e9 i sou\u010dasn\u00e9 doby. D\u011bjinn\u00fd pohyb je podle n\u00e1s ji\u017e po stalet\u00ed ur\u010dov\u00e1n neust\u00e1l\u00fdm konfliktem spole\u010densk\u00fdch t\u0159\u00edd s protikladn\u00fdmi z\u00e1jmy &#8211; tzv. t\u0159\u00eddn\u00edm bojem. Tento konflikt nen\u00ed vyhl\u00e1\u0161en\u00edm v\u00e1lky ze strany t\u00e9 \u010di on\u00e9 spole\u010densk\u00e9 skupiny. Jde o kontinu\u00e1ln\u00ed soci\u00e1ln\u00ed st\u0159et, kter\u00fd je produktem kapitalistick\u00fdch soci\u00e1ln\u00edch vztah\u016f a hierarchi\u00ed. To, jak\u00e9 na n\u00e1s t\u0159\u00eddn\u00ed konflikt bude m\u00edt dopady, se odv\u00edj\u00ed od pom\u011bru sil mezi jednotliv\u00fdmi t\u0159\u00eddami a jejich schopnost\u00ed organizovat se na obranu vlastn\u00edch z\u00e1jm\u016f.<\/p>\n<p>Na\u0161\u00edm \u00fakolem v t\u0159\u00eddn\u00edm boji nen\u00ed udr\u017eovat trvalou p\u0159evahu jedn\u00e9 t\u0159\u00eddy na druhou, ale skrze kolektivn\u00ed konfrontaci odstranit cel\u00fd t\u0159\u00eddn\u00ed syst\u00e9m a s t\u00edm i soci\u00e1ln\u00ed nerovnosti, kter\u00e9 (re)produkuje. Alternativu spat\u0159ujeme v bezt\u0159\u00eddn\u00ed spole\u010dnosti organizovan\u00e9 bez existence st\u00e1tu, kapitalismu, pen\u011bz a centralizovan\u00e9 moci. Tato spole\u010dnost by m\u011bla b\u00fdt strukturov\u00e1na rovnost\u00e1\u0159sky a takov\u00fdm zp\u016fsobem, aby bylo mo\u017en\u00e9 uspokojovat individu\u00e1ln\u00ed i soci\u00e1ln\u00ed pot\u0159eby bez vyko\u0159is\u0165ov\u00e1n\u00ed a \u00fatlaku.<\/p>\n<p>Pro uskute\u010dn\u011bn\u00ed \u017e\u00e1douc\u00ed transformace spole\u010densk\u00fdch vztah\u016f, je podle n\u00e1s nezbytn\u00e9, kl\u00e1st d\u016fraz p\u0159edev\u0161\u00edm na obsahov\u00e9, form\u00e1ln\u00ed a strategick\u00e9 oblasti. Lze je p\u0159i tom pojmenovat r\u016fzn\u00fdmi jm\u00e9ny, hovo\u0159it o nich r\u016fzn\u00fdm jazykem a sm\u011b\u0159ovat k nim pod vlajkami r\u016fzn\u00fdch barev. Ideologick\u00e1 n\u00e1lepka, prapor ani slovn\u00edk v\u0161ak sami o sob\u011b nikdy nejsou z\u00e1rukou pozitivn\u00ed praxe, proto pro n\u00e1s nep\u0159edstavuj\u00ed kl\u00ed\u010dov\u00e9 faktory, na kter\u00fdch bychom v\u00fdrazn\u011b lp\u011bli.<\/p>\n<p><strong>Kolektivn\u00ed teorie<\/strong><\/p>\n<p>Skupinovou teorii asociace rozv\u00edj\u00edme pomoc\u00ed anal\u00fdz sou\u010dasn\u00e9 soci\u00e1ln\u00ed reality a zkoum\u00e1n\u00edm siln\u00fdch str\u00e1nek i slabost\u00ed prob\u00edhaj\u00edc\u00edch boj\u016f. Na\u0161e teoretick\u00e9 z\u00e1v\u011bry jsou zpravidla v\u00fdsledkem kolektivn\u00edho dialogu. Ten prob\u00edh\u00e1 jak uvnit\u0159 na\u0161ich skupin, tak na \u00farovni komunikace s ostatn\u00edmi skupinami, kter\u00e9 usiluj\u00ed o revolu\u010dn\u00ed p\u0159ekon\u00e1n\u00ed kapitalismu. Domn\u00edv\u00e1me se, \u017ee t\u0159\u00eddn\u00ed boj a t\u0159\u00eddn\u00ed v\u011bdom\u00ed se l\u00e9pe vyv\u00edj\u00ed, prob\u00edhaj\u00ed-li ideov\u00e9 diskuze mezi zast\u00e1nci r\u016fzn\u00fdch v\u00fdklad\u016f soci\u00e1ln\u00ed reality. D\u00edky v\u00fdm\u011bn\u011b n\u00e1zor\u016f doch\u00e1z\u00ed ke kontinu\u00e1ln\u00ed reflexi vlastn\u00edch teoretick\u00fdch pozic a t\u00edm tak\u00e9 ke zkvalit\u0148ov\u00e1n\u00ed kolektivn\u00ed praxe.<\/p>\n<p>Dialog, kter\u00fd pom\u00e1h\u00e1 konstruovat kolektivn\u00ed teorii Asociace Alerta, je kontinu\u00e1ln\u00ed \u017eivouc\u00ed proces a z n\u011bj vypl\u00fdvaj\u00edc\u00ed z\u00e1v\u011bry nelze pova\u017eovat za fixn\u00ed a nem\u011bnn\u00e9. Tam, kde se ur\u010dit\u00e9 \u010d\u00e1sti teorie \u010dasem projevuj\u00ed jako problematick\u00e9, nebr\u00e1n\u00edme se jejich p\u0159ehodnocen\u00ed. P\u0159i hled\u00e1n\u00ed teoretick\u00e9 soudr\u017enosti, se sna\u017e\u00edme vyvarovat dogmatismu ale i oportunismu.<\/p>\n<p>Domn\u00edv\u00e1me se, \u017ee aby teorie byla konzistentn\u00ed a stala z\u00e1kladem kvalitn\u00ed praxe, mus\u00edme se v r\u00e1mci asociace organizovat zp\u016fsobem, kter\u00fd napom\u00e1h\u00e1 reflexi a diskus\u00edm ve vlastn\u00edch \u0159ad\u00e1ch. Za podstatn\u00e9 pova\u017eujeme tak\u00e9 roz\u0161i\u0159ov\u00e1n\u00ed t\u011bchto diskus\u00ed mimo na\u0161e skupiny, tedy do cel\u00e9 d\u011blnick\u00e9 t\u0159\u00eddy.<\/p>\n<p><strong>Praktick\u00e9 zam\u011b\u0159en\u00ed<\/strong><\/p>\n<p>Asociace Alerta pova\u017euje za kl\u00ed\u010dov\u00e9 pole t\u0159\u00eddn\u00edho boje pracovi\u0161t\u011b, ale z\u00e1rove\u0148 zd\u016fraz\u0148uje d\u016fle\u017eitost boj\u016f, kter\u00e9 se odehr\u00e1vaj\u00ed mimo pracovn\u00ed prost\u0159ed\u00ed a vztahy. V praxi se tedy zam\u011b\u0159ujeme na negaci st\u00e1t\u016f a kapitalismu uvnit\u0159 i vn\u011b pracovi\u0161\u0165.<\/p>\n<p>Agitac\u00ed i aktivn\u00edm zapojen\u00edm podporujeme v\u0161echny tendence v soci\u00e1ln\u00edch boj\u00edch, kter\u00e9 napom\u00e1haj\u00ed k rozvoji t\u0159\u00eddn\u00edho v\u011bdom\u00ed &#8211; revolu\u010dn\u00ed teorie a praxe. Z\u00e1rove\u0148 se sna\u017e\u00edme pojmenov\u00e1vat a reflektovat limity minul\u00fdch i sou\u010dasn\u00fdch boj\u016f. Anal\u00fdzy a zku\u0161enosti se sna\u017e\u00edme vyu\u017e\u00edvat pro rozvoj soudr\u017en\u00e9 komunity, kter\u00e1 si klade za c\u00edl p\u0159ekon\u00e1n\u00ed spole\u010densk\u00fdch hierarchi\u00ed a kapitalistick\u00fdch vztah\u016f. Znamen\u00e1 to mimo jin\u00e9 i poskytov\u00e1n\u00ed technick\u00e9ho a organiza\u010dn\u00edho z\u00e1zem\u00ed, prostor\u016f pro vzd\u011bl\u00e1n\u00ed i p\u0159\u00edstupu k historick\u00fdm pramen\u016fm revolu\u010dn\u00edch hnut\u00ed.<\/p>\n<p>Vedle zm\u00edn\u011bn\u00fdch oblast\u00ed se Asociace Alerta orientuje tak\u00e9 specifickou oblast, kterou je p\u0159ekon\u00e1v\u00e1n\u00ed atomizace spole\u010dnosti. Tedy stavu, kdy jsou lid\u00e9 vlivem spole\u010densk\u00fdch pom\u011br\u016f izolov\u00e1ni, vyko\u0159en\u011bni, zbaveni tradi\u010dn\u00edch vazeb a spole\u010dnost se st\u00e1v\u00e1 \u201erozdrobenou\u201c. P\u0159ekon\u00e1n\u00ed atomizace spole\u010dnosti pova\u017eujeme za kvalitativn\u00ed krok ke t\u0159\u00eddn\u00edmu v\u011bdom\u00ed a za v\u00fdznamn\u00fd posun v antikapitalistick\u00e9 praxi.<\/p>\n<p><strong>Prost\u0159edky a c\u00edle<\/strong><\/p>\n<p>Asociace Alerta podporuje v\u0161echny tendence a prost\u0159edky sm\u011b\u0159uj\u00edc\u00ed k t\u0159\u00eddn\u00ed autonomii, jako nutn\u00e9 podm\u00ednce pro p\u0159echod od kapitalismu k bezt\u0159\u00eddn\u00ed a bezst\u00e1tn\u00ed pospolitosti. \u017d\u00e1douc\u00ed transformace spole\u010densk\u00fdch vztah\u016f podle n\u00e1s m\u016f\u017ee prob\u011bhnout jen pokud se pracuj\u00edc\u00ed, nezam\u011bstnan\u00ed a studenti budou organizovat jako autonomn\u00ed, uv\u011bdom\u011bl\u00e1 t\u0159\u00edda a z t\u00e9to pozice budou prosazovat sv\u00e9 z\u00e1jmy. Pro na\u0161\u00ed praxi to znamen\u00e1, \u017ee podporujeme p\u0159edev\u0161\u00edm takov\u00e9 boje, v nich\u017e se d\u011blnick\u00e1 t\u0159\u00edda na pracovi\u0161t\u00edch rozch\u00e1z\u00ed s odbory, v m\u00edstech bydli\u0161t\u011b i ve \u0161kol\u00e1ch s politick\u00fdmi stranami, st\u00e1totvorn\u00fdmi institucemi, v\u016fdci a mocensk\u00fdmi zprost\u0159edkovateli.<\/p>\n<p>Specifick\u00e9 boje a podm\u00ednky produkuj\u00ed specifick\u00e9 organiza\u010dn\u00ed formy jako jsou afinitn\u00ed skupiny, solid\u00e1rn\u00ed s\u00edt\u011b, federace, d\u011blnick\u00e9 rady, v\u0161eobecn\u00e1 shrom\u00e1\u017ed\u011bn\u00ed, komuny aj. V\u0161echny tyto organiza\u010dn\u00ed formy jsou pro n\u00e1s hodn\u00e9 podpory za p\u0159edpokladu, \u017ee si zachov\u00e1vaj\u00ed nehierarchickou strukturu, antikapitalistickou povahu a revolu\u010dn\u00ed agendu.<\/p>\n<p>Asociace Alerta odm\u00edt\u00e1 jak\u00e9koliv formy parlamentarismu a organiza\u010dn\u00ed formy, kter\u00e9 cht\u011bj\u00ed p\u0159ekonat kapitalismus nerevolu\u010dn\u00edmi prost\u0159edky. K p\u0159ekon\u00e1n\u00ed kapitalistick\u00fdch vztah\u016f je podle n\u00e1s nezbytn\u00e1 t\u0159\u00eddn\u00ed sebeorganizace a proces soci\u00e1ln\u00ed revoluce. Ty pro n\u00e1s p\u0159edstavuj\u00ed kvalitativn\u00ed skok v t\u0159\u00eddn\u00edm boji, d\u00edky kter\u00e9mu se hrout\u00ed kapitalistick\u00e9 vztahy a vznik\u00e1 prostor pro rozvoj bezt\u0159\u00eddn\u00ed pospolitosti.<\/p>\n<p>Asociace Alerta odm\u00edt\u00e1 vizi p\u0159echodn\u00e9ho obdob\u00ed mezi kapitalismem a bezt\u0159\u00eddn\u00ed spole\u010dnost\u00ed. Tu je podle n\u00e1s nutn\u00e9 formovat okam\u017eit\u011b b\u011bhem revolu\u010dn\u00edch ud\u00e1lost\u00ed a to skrze pod\u0159\u00edzen\u00ed v\u0161ech v\u00fdrobn\u00edch i organiza\u010dn\u00edch sil lidsk\u00fdm pot\u0159eb\u00e1m. V praxi by to znamenalo okam\u017eit\u00e9 odstran\u011bn\u00ed n\u00e1mezdn\u00ed pr\u00e1ce a produkce pro zisk, zru\u0161en\u00ed trhu, pen\u011bz a tak\u00e9 praktick\u00e9 uplatn\u011bn\u00ed principu: <em>Ka\u017ed\u00fd podle sv\u00fdch schopnost\u00ed, ka\u017ed\u00e9mu podle jeho pot\u0159eb.<\/em><\/p>\n<p>Na cest\u011b k bezt\u0159\u00eddn\u00ed spole\u010dnosti pova\u017eujeme za nezbytn\u00e9 odstranit st\u00e1t a nahradit ho org\u00e1ny revolu\u010dn\u00ed sebeorganizace. Jedin\u011b tyto org\u00e1ny podle n\u00e1s mohou zajistit podm\u00ednky, d\u00edky kter\u00fdm d\u011blnick\u00e1 t\u0159\u00edda zru\u0161\u00ed sama sebe jako t\u0159\u00eddu i celou t\u0159\u00eddn\u00ed spole\u010dnost.<\/p>\n<\/div>\n","protected":false},"excerpt":{"rendered":"<p>Asociace Alerta: Kdo jsme a co chceme Asociace Alerta je organizace sdru\u017euj\u00edc\u00ed pracuj\u00edc\u00ed, nezam\u011bstnan\u00e9 a studenty. Je tvo\u0159ena lok\u00e1ln\u00edmi skupinami, kter\u00e9 jsou organiza\u010dn\u011b propojeny v r\u00e1mci nadregion\u00e1ln\u00ed federace. V asociaci se sdru\u017eujeme proto, abychom h\u00e1jili na\u0161e z\u00e1jmy prost\u0159ednictv\u00edm kolektivn\u00ed p\u0159\u00edm\u00e9 akce a vz\u00e1jemn\u00e9 pomoci. Na\u0161e \u010dinnost se projevuje na r\u016fzn\u00fdch m\u00edstech. Jsou to ulice, \u0161koly, [&hellip;]<\/p>\n","protected":false},"author":8517,"featured_media":0,"parent":0,"menu_order":0,"comment_status":"closed","ping_status":"closed","template":"","meta":{"footnotes":""},"class_list":["post-173","page","type-page","status-publish","hentry"],"_links":{"self":[{"href":"https:\/\/asal.noblogs.org\/index.php?rest_route=\/wp\/v2\/pages\/173","targetHints":{"allow":["GET"]}}],"collection":[{"href":"https:\/\/asal.noblogs.org\/index.php?rest_route=\/wp\/v2\/pages"}],"about":[{"href":"https:\/\/asal.noblogs.org\/index.php?rest_route=\/wp\/v2\/types\/page"}],"author":[{"embeddable":true,"href":"https:\/\/asal.noblogs.org\/index.php?rest_route=\/wp\/v2\/users\/8517"}],"replies":[{"embeddable":true,"href":"https:\/\/asal.noblogs.org\/index.php?rest_route=%2Fwp%2Fv2%2Fcomments&post=173"}],"version-history":[{"count":0,"href":"https:\/\/asal.noblogs.org\/index.php?rest_route=\/wp\/v2\/pages\/173\/revisions"}],"wp:attachment":[{"href":"https:\/\/asal.noblogs.org\/index.php?rest_route=%2Fwp%2Fv2%2Fmedia&parent=173"}],"curies":[{"name":"wp","href":"https:\/\/api.w.org\/{rel}","templated":true}]}}