{"id":169,"date":"2009-02-06T00:00:20","date_gmt":"2009-02-06T00:00:20","guid":{"rendered":"http:\/\/alerta2.s.cz\/?page_id=169"},"modified":"2009-02-06T00:00:20","modified_gmt":"2009-02-06T00:00:20","slug":"kontakt-2","status":"publish","type":"page","link":"https:\/\/asal.noblogs.org\/?page_id=169","title":{"rendered":"KONTAKT"},"content":{"rendered":"<p>&nbsp;<\/p>\n<p><em><img loading=\"lazy\" decoding=\"async\" class=\"aligncenter\" title=\"Alerta_logo-nahled\" src=\"http:\/\/alerta.cz\/wp-content\/uploads\/2011\/12\/Alerta_logo-nahled-150x150.jpg\" alt=\"\" width=\"150\" height=\"150\" \/><\/em><\/p>\n<p><!-- #toc, .toc, .mw-warning { border: 1px solid rgb(170, 170, 170); padding: 5px; background-color: rgb(249, 249, 249); font-size: 95%; }#toc h2, .toc h2 { border: medium none ; padding: 0pt; display: inline; font-size: 100%; font-weight: bold; }#toc #toctitle, .toc #toctitle, #toc .toctitle, .toc .toctitle { text-align: center; }#toc ul, .toc ul { list-style-type: none; list-style-image: none; margin-left: 0pt; padding-left: 0pt; text-align: left; }#toc ul ul, .toc ul ul { margin: 0pt 0pt 0pt 2em; }#toc .toctoggle, .toc .toctoggle { font-size: 94%; }body { font-family: 'Times New Roman'; color: rgb(0, 0, 0); widows: 2; font-style: normal; text-indent: 0in; font-variant: normal; font-weight: normal; font-size: 12pt; text-decoration: none; text-align: left; }table {  }td { border-collapse: collapse; text-align: left; vertical-align: top; }p, h1, h2, h3, li { color: rgb(0, 0, 0); font-family: 'Times New Roman'; font-size: 12pt; text-align: left; } --><\/p>\n<div>\n<p style=\"text-align: center\" dir=\"ltr\"><strong>KONTAKT ASOCIACE ALERTA <\/strong><\/p>\n<p style=\"text-align: center\" dir=\"ltr\">Kontaktovat n\u00e1s m\u016f\u017eete na e-mailov\u00e9 adrese:<\/p>\n<p style=\"text-align: center\" dir=\"ltr\"><strong> alerta<span style=\"color: #ff0000\">(zavin\u00e1\u010d)<\/span>safe-mail.net<\/strong><\/p>\n<\/div>\n","protected":false},"excerpt":{"rendered":"<p>&nbsp; KONTAKT ASOCIACE ALERTA Kontaktovat n\u00e1s m\u016f\u017eete na e-mailov\u00e9 adrese: alerta(zavin\u00e1\u010d)safe-mail.net<\/p>\n","protected":false},"author":8517,"featured_media":0,"parent":0,"menu_order":8,"comment_status":"closed","ping_status":"open","template":"","meta":{"footnotes":""},"class_list":["post-169","page","type-page","status-publish","hentry"],"_links":{"self":[{"href":"https:\/\/asal.noblogs.org\/index.php?rest_route=\/wp\/v2\/pages\/169","targetHints":{"allow":["GET"]}}],"collection":[{"href":"https:\/\/asal.noblogs.org\/index.php?rest_route=\/wp\/v2\/pages"}],"about":[{"href":"https:\/\/asal.noblogs.org\/index.php?rest_route=\/wp\/v2\/types\/page"}],"author":[{"embeddable":true,"href":"https:\/\/asal.noblogs.org\/index.php?rest_route=\/wp\/v2\/users\/8517"}],"replies":[{"embeddable":true,"href":"https:\/\/asal.noblogs.org\/index.php?rest_route=%2Fwp%2Fv2%2Fcomments&post=169"}],"version-history":[{"count":0,"href":"https:\/\/asal.noblogs.org\/index.php?rest_route=\/wp\/v2\/pages\/169\/revisions"}],"wp:attachment":[{"href":"https:\/\/asal.noblogs.org\/index.php?rest_route=%2Fwp%2Fv2%2Fmedia&parent=169"}],"curies":[{"name":"wp","href":"https:\/\/api.w.org\/{rel}","templated":true}]}}